{"id":218,"date":"2016-12-26T06:27:42","date_gmt":"2016-12-26T06:27:42","guid":{"rendered":"https:\/\/raratheme.com\/preview\/lawyer-landing-page\/?page_id=5"},"modified":"2020-09-05T23:54:11","modified_gmt":"2020-09-05T23:54:11","slug":"home","status":"publish","type":"page","link":"https:\/\/bufetemaldonado.com\/","title":{"rendered":"Cuando hay mucho en juego&#8230; nosotros podemos ayudar."},"content":{"rendered":"<ul>\n<li>\n<h2>\u00c1reas de actuaci\u00f3n en materia legal<\/h2>\n<\/li>\n<li>\n<h2>\u00c1reas de actuaci\u00f3n en materia contable<\/h2>\n<\/li>\n<\/ul>\n","protected":false},"excerpt":{"rendered":"<p>\u00c1reas de actuaci\u00f3n en materia legal \u00c1reas de actuaci\u00f3n en materia contable<\/p>\n","protected":false},"author":1,"featured_media":13,"parent":0,"menu_order":0,"comment_status":"closed","ping_status":"closed","template":"template-home.php","meta":[],"_links":{"self":[{"href":"https:\/\/bufetemaldonado.com\/index.php?rest_route=\/wp\/v2\/pages\/218"}],"collection":[{"href":"https:\/\/bufetemaldonado.com\/index.php?rest_route=\/wp\/v2\/pages"}],"about":[{"href":"https:\/\/bufetemaldonado.com\/index.php?rest_route=\/wp\/v2\/types\/page"}],"author":[{"embeddable":true,"href":"https:\/\/bufetemaldonado.com\/index.php?rest_route=\/wp\/v2\/users\/1"}],"replies":[{"embeddable":true,"href":"https:\/\/bufetemaldonado.com\/index.php?rest_route=%2Fwp%2Fv2%2Fcomments&post=218"}],"version-history":[{"count":2,"href":"https:\/\/bufetemaldonado.com\/index.php?rest_route=\/wp\/v2\/pages\/218\/revisions"}],"predecessor-version":[{"id":262,"href":"https:\/\/bufetemaldonado.com\/index.php?rest_route=\/wp\/v2\/pages\/218\/revisions\/262"}],"wp:featuredmedia":[{"embeddable":true,"href":"https:\/\/bufetemaldonado.com\/index.php?rest_route=\/wp\/v2\/media\/13"}],"wp:attachment":[{"href":"https:\/\/bufetemaldonado.com\/index.php?rest_route=%2Fwp%2Fv2%2Fmedia&parent=218"}],"curies":[{"name":"wp","href":"https:\/\/api.w.org\/{rel}","templated":true}]}}